{"id":2,"date":"2014-06-03T19:22:20","date_gmt":"2014-06-03T19:22:20","guid":{"rendered":"http:\/\/www.concolino.it\/?page_id=2"},"modified":"2025-12-18T17:10:35","modified_gmt":"2025-12-18T16:10:35","slug":"chi-sono","status":"publish","type":"page","link":"https:\/\/www.concolino.it\/index.php\/chi-sono\/","title":{"rendered":"Qualcosa di me"},"content":{"rendered":"\n<p><span id=\"ctl00_primaryContentPlaceHolder_lblNome\" style=\"font-weight: bold; color: #555555;\">Sac. Domenico&nbsp;Pantaleone Concolino<\/span><\/p>\n\n\n\n<p><strong>Biografia: <\/strong> Sono&nbsp;nato a Catanzaro il 13 gennaio 1965 e sono sacerdote incardinato nella&nbsp;diocesi di Catanzaro-Squillace. Ho studiato teologia a Catanzaro (1988-1991), e dopo aver ricevuto l\u2019ordinazione sacerdotale il 7 dicembre del 1991, mi sono&nbsp;specializzato in Teologia Fondamentale presso la Pontificia Universit\u00e0 Gregoriana di Roma, con un lavoro sull\u2019Analogia fidei in Dei Verbum 12 (1999). Mi sono poi trasferito a Lugano conseguendo il dottorato presso la Facolt\u00e0 di Teologia di Lugano (2005) con una tesi pubblicata dal titolo: \u201cTeologia della parola. Per una comprensione sinfonica della parola di Dio alla luce della costituzione dogmatica \u201cDei Verbum\u201d. Nel 2009 ho completato la mia formazione conseguendo la Laurea magistrale in scienze filosofiche con indirizzo teoretico-etico-estetico presso la Universit\u00e0 statale di Cosenza, con una tesi sul pensiero del filosofo Jean Luc Marion. Tra le altre cose mi piace ricordare un Joint Diploma in ecologia integrale (Roma 2018). I miei interessi attuali: mistica cristiana, Intelligenza artificiale, etica della parola, etica della cura. <\/p>\n\n\n\n<p><b style=\"color: #555555;\">Attivit\u00e0:<\/b><span id=\"ctl00_primaryContentPlaceHolder_lblAttivita\" style=\"color: #555555;\"> \u00a0<\/span>Rettore di Santa Maria de Figulis (Montecorvino | CZ) Docente di Filosofia Morale presso l&#8217;Universit\u00e0 Magna Graecia di Catanzaro &#8211; Assistente Diocesano Medici Cattolici<\/p>\n\n\n\n<p><strong>Titoli di studio:<\/strong> Laurea magistrale in scienze filosofiche con indirizzo teoretico-etico-estetico presso la Universit\u00e0 degli studi della Calabria &#8211; Cosenza, 2009 Dottorato in Teologia Fondamentale presso la facolt\u00e0 di teologia di Lugano &#8211; Lugano, 2005 Specializzazione in Teologia Fondamentale presso la Pontificia Universit\u00e0 Gregoriana &#8211; Roma, 1999 Baccellierato in Sacra Teologia presso l\u2019Istituto Teologico Calabro. Catanzaro, 1993 &#8211; Diploma in Ecologia Integrale PUG, Roma 2018.<\/p>\n\n\n\n<p><strong>Alcuni Miei Libri e collaborazioni<\/strong><\/p>\n\n\n\n<p>Ecologia dell&#8217;anima. Quando le parole toccano la nostra vita, Santelli, Milano 2024<\/p>\n\n\n\n<p>&#8220;La Querida Amazonia e il sogno ecclesiale&#8221; in A. Comito, (a cura di) <em>La Queridia Amazonia. Prospettive di una nuova cristianit\u00e0<\/em>, Libreria Editrice Vaticana, Citt\u00e0 del Vaticano 2020.  <\/p>\n\n\n\n<p> <em>La Parola <\/em>affidata.<em> parlare di Dio in una mondo plurale, <\/em>Tau Editrice, Todi 2020.<\/p>\n\n\n\n<p><em>Il Silenzio. Mietitore dei covoni perduti<\/em>, Santelli, Milano, 2019<\/p>\n\n\n\n<p><em>Dio e i numeri incapaci. Sulla relazione tra pensiero&nbsp;matematico e vita ecclesiale<\/em>, Rubbettino, Soveria Mannelli 2014.<\/p>\n\n\n\n<p><em>La parola incapace.<\/em> <em>Uno Studio sulla fenomenologia di Jean-Luc Marion<\/em>, Rubbettino\/Universit\u00e0, Soveria Mannelli 2013<\/p>\n\n\n\n<p><em>Il Dio trinitario.<\/em> La sua identit\u00e0 come nostra differenza. Libreria Editrice Vaticana, Citt\u00e0 del Vaticano 2013.<\/p>\n\n\n\n<p><em>Sacerdoti nella Chiesa.<\/em> <em>Dieci riflessioni su identit\u00e0 e ministero sacerdotale <\/em>(= Varia Verbum , 2), Rubbettino, Soveria Mannelli 2010 <\/p>\n\n\n\n<p><em>Teologia della parola.  Per una comprensione sinfonica della parola di Dio alla luce della Costituzione Dogmatica \u201cDei Verbum\u201d<\/em>, (= Verbum 1) Rubbettino, Soveria Mannelli, 2006    <\/p>\n\n\n\n<p><em>La Persona crocevia dei saperi<\/em>. (Brancaccio F. \u2013 Concolino D., a cura di) Tau Editrice, Todi 2012.<\/p>\n\n\n\n<p><\/p>\n\n\n\n<p><strong>Altri Articoli:<\/strong><\/p>\n\n\n\n<p>&#8220;Un vescovo sempre in cammino&#8221; in L.M.Guzzo &#8211; A. Scerbo (a cura di) <em>La Parola non si ferma mai. Studi per Mons. Antonio Cantisani <\/em>(Tomo II), Edizioni Scientifiche Italiane, Napoli 2024, 343 &#8211; 348.<\/p>\n\n\n\n<p>&#8220;Come una sinfonia. Ripensare l&#8217;ascolto a partire dal Verbo (II)&#8221;, in Il diaconato in Italia, 180 (5\/6-2013), 11-16<\/p>\n\n\n\n<p>\u201cCome una sinfonia. Ripensare l\u2019ascolto a partire dal Verbo (I)\u201d, in Il diaconato in Italia, XLV, 178 (2013), 9-14.<\/p>\n\n\n\n<p>\u201cLa \u2018persona\u2019 un concetto irriducibile e sfuggevole\u201d in F. Brancaccio \u2013 D. Concolino, La persona crocevia dei saperi, Tau Editrice, Todi 2012, 13- 21.<\/p>\n\n\n\n<p>\u201cTeologia della parola ed estetica teologica: uno sguardo a partire dalla Trinit\u00e0\u201d, in F. Brancaccio \u2013 D. Concolino, La persona crocevia dei saperi, Tau Editrice, Todi 2012, 127-138.<\/p>\n\n\n\n<p>\u201cIl presbitero, uomo della \u2018verit\u00e0 visibile\u2019. Implicazioni esistenziali della sua ontologica configurazione a Cristo\u201d, in Concolino D., ed., Sacerdoti nella Chiesa. Dieci riflessioni su identit\u00e0 e ministero sacerdotale (= Varia Verbum , 2), ed. Rubbettino, Soveria Mannelli 2010, 41-71.<\/p>\n\n\n\n<p>\u201cDe Verbo dei incarnato: incarnazione e teologia della Parola\u201d, Lateranum 75, (2009\/2), 439-463.<\/p>\n\n\n\n<p>\u201cLa Chiesa come accadimento della comunione nell\u2019amore\u201d, in Vivarium 17 ns (2009\/2) 275-298.<\/p>\n\n\n\n<p><\/p>\n\n\n\n<p><\/p>\n\n\n\n<p><\/p>\n\n\n\n<p><\/p>\n\n\n\n<p><\/p>\n\n\n\n<p><\/p>\n\n\n\n<p><\/p>\n\n\n\n<p><\/p>\n","protected":false},"excerpt":{"rendered":"<p>Sac. Domenico&nbsp;Pantaleone Concolino Biografia: Sono&nbsp;nato a Catanzaro il 13 gennaio 1965 e sono sacerdote incardinato nella&nbsp;diocesi di Catanzaro-Squillace. Ho studiato teologia a Catanzaro (1988-1991), e dopo aver ricevuto l\u2019ordinazione sacerdotale [&hellip;]<\/p>\n","protected":false},"author":1,"featured_media":0,"parent":0,"menu_order":0,"comment_status":"open","ping_status":"open","template":"","meta":{"site-sidebar-layout":"default","site-content-layout":"","ast-site-content-layout":"default","site-content-style":"default","site-sidebar-style":"default","ast-global-header-display":"","ast-banner-title-visibility":"","ast-main-header-display":"","ast-hfb-above-header-display":"","ast-hfb-below-header-display":"","ast-hfb-mobile-header-display":"","site-post-title":"","ast-breadcrumbs-content":"","ast-featured-img":"","footer-sml-layout":"","ast-disable-related-posts":"","theme-transparent-header-meta":"","adv-header-id-meta":"","stick-header-meta":"","header-above-stick-meta":"","header-main-stick-meta":"","header-below-stick-meta":"","astra-migrate-meta-layouts":"set","ast-page-background-enabled":"default","ast-page-background-meta":{"desktop":{"background-color":"","background-image":"","background-repeat":"repeat","background-position":"center center","background-size":"auto","background-attachment":"scroll","background-type":"","background-media":"","overlay-type":"","overlay-color":"","overlay-opacity":"","overlay-gradient":""},"tablet":{"background-color":"","background-image":"","background-repeat":"repeat","background-position":"center center","background-size":"auto","background-attachment":"scroll","background-type":"","background-media":"","overlay-type":"","overlay-color":"","overlay-opacity":"","overlay-gradient":""},"mobile":{"background-color":"","background-image":"","background-repeat":"repeat","background-position":"center center","background-size":"auto","background-attachment":"scroll","background-type":"","background-media":"","overlay-type":"","overlay-color":"","overlay-opacity":"","overlay-gradient":""}},"ast-content-background-meta":{"desktop":{"background-color":"var(--ast-global-color-5)","background-image":"","background-repeat":"repeat","background-position":"center center","background-size":"auto","background-attachment":"scroll","background-type":"","background-media":"","overlay-type":"","overlay-color":"","overlay-opacity":"","overlay-gradient":""},"tablet":{"background-color":"var(--ast-global-color-5)","background-image":"","background-repeat":"repeat","background-position":"center center","background-size":"auto","background-attachment":"scroll","background-type":"","background-media":"","overlay-type":"","overlay-color":"","overlay-opacity":"","overlay-gradient":""},"mobile":{"background-color":"var(--ast-global-color-5)","background-image":"","background-repeat":"repeat","background-position":"center center","background-size":"auto","background-attachment":"scroll","background-type":"","background-media":"","overlay-type":"","overlay-color":"","overlay-opacity":"","overlay-gradient":""}},"footnotes":""},"class_list":["post-2","page","type-page","status-publish","hentry"],"yoast_head":"<!-- This site is optimized with the Yoast SEO plugin v27.5 - https:\/\/yoast.com\/product\/yoast-seo-wordpress\/ -->\n<title>Qualcosa di me - Concolino.it<\/title>\n<meta name=\"robots\" content=\"index, follow, max-snippet:-1, max-image-preview:large, max-video-preview:-1\" \/>\n<link rel=\"canonical\" href=\"https:\/\/www.concolino.it\/index.php\/chi-sono\/\" \/>\n<meta property=\"og:locale\" content=\"it_IT\" \/>\n<meta property=\"og:type\" content=\"article\" \/>\n<meta property=\"og:title\" content=\"Qualcosa di me - Concolino.it\" \/>\n<meta property=\"og:description\" content=\"Sac. Domenico&nbsp;Pantaleone Concolino Biografia: Sono&nbsp;nato a Catanzaro il 13 gennaio 1965 e sono sacerdote incardinato nella&nbsp;diocesi di Catanzaro-Squillace. Ho studiato teologia a Catanzaro (1988-1991), e dopo aver ricevuto l\u2019ordinazione sacerdotale [&hellip;]\" \/>\n<meta property=\"og:url\" content=\"https:\/\/www.concolino.it\/index.php\/chi-sono\/\" \/>\n<meta property=\"og:site_name\" content=\"Concolino.it\" \/>\n<meta property=\"article:publisher\" content=\"https:\/\/www.facebook.com\/don.mik.94\" \/>\n<meta property=\"article:modified_time\" content=\"2025-12-18T16:10:35+00:00\" \/>\n<meta name=\"twitter:card\" content=\"summary_large_image\" \/>\n<meta name=\"twitter:site\" content=\"@don_mik\" \/>\n<meta name=\"twitter:label1\" content=\"Tempo di lettura stimato\" \/>\n\t<meta name=\"twitter:data1\" content=\"4 minuti\" \/>\n<script type=\"application\/ld+json\" class=\"yoast-schema-graph\">{\"@context\":\"https:\\\/\\\/schema.org\",\"@graph\":[{\"@type\":\"WebPage\",\"@id\":\"https:\\\/\\\/www.concolino.it\\\/index.php\\\/chi-sono\\\/\",\"url\":\"https:\\\/\\\/www.concolino.it\\\/index.php\\\/chi-sono\\\/\",\"name\":\"Qualcosa di me - Concolino.it\",\"isPartOf\":{\"@id\":\"https:\\\/\\\/www.concolino.it\\\/#website\"},\"datePublished\":\"2014-06-03T19:22:20+00:00\",\"dateModified\":\"2025-12-18T16:10:35+00:00\",\"breadcrumb\":{\"@id\":\"https:\\\/\\\/www.concolino.it\\\/index.php\\\/chi-sono\\\/#breadcrumb\"},\"inLanguage\":\"it-IT\",\"potentialAction\":[{\"@type\":\"ReadAction\",\"target\":[\"https:\\\/\\\/www.concolino.it\\\/index.php\\\/chi-sono\\\/\"]}]},{\"@type\":\"BreadcrumbList\",\"@id\":\"https:\\\/\\\/www.concolino.it\\\/index.php\\\/chi-sono\\\/#breadcrumb\",\"itemListElement\":[{\"@type\":\"ListItem\",\"position\":1,\"name\":\"Home\",\"item\":\"https:\\\/\\\/www.concolino.it\\\/\"},{\"@type\":\"ListItem\",\"position\":2,\"name\":\"Qualcosa di me\"}]},{\"@type\":\"WebSite\",\"@id\":\"https:\\\/\\\/www.concolino.it\\\/#website\",\"url\":\"https:\\\/\\\/www.concolino.it\\\/\",\"name\":\"Concolino.it\",\"description\":\"Allargare gli spazi del Verbo\",\"publisher\":{\"@id\":\"https:\\\/\\\/www.concolino.it\\\/#\\\/schema\\\/person\\\/dfa8517603a44e77da85e7eb5139c070\"},\"potentialAction\":[{\"@type\":\"SearchAction\",\"target\":{\"@type\":\"EntryPoint\",\"urlTemplate\":\"https:\\\/\\\/www.concolino.it\\\/?s={search_term_string}\"},\"query-input\":{\"@type\":\"PropertyValueSpecification\",\"valueRequired\":true,\"valueName\":\"search_term_string\"}}],\"inLanguage\":\"it-IT\"},{\"@type\":[\"Person\",\"Organization\"],\"@id\":\"https:\\\/\\\/www.concolino.it\\\/#\\\/schema\\\/person\\\/dfa8517603a44e77da85e7eb5139c070\",\"name\":\"Domenico Concolino\",\"image\":{\"@type\":\"ImageObject\",\"inLanguage\":\"it-IT\",\"@id\":\"https:\\\/\\\/www.concolino.it\\\/wp-content\\\/uploads\\\/2014\\\/07\\\/CT5W9104.jpg\",\"url\":\"https:\\\/\\\/www.concolino.it\\\/wp-content\\\/uploads\\\/2014\\\/07\\\/CT5W9104.jpg\",\"contentUrl\":\"https:\\\/\\\/www.concolino.it\\\/wp-content\\\/uploads\\\/2014\\\/07\\\/CT5W9104.jpg\",\"width\":1276,\"height\":850,\"caption\":\"Domenico Concolino\"},\"logo\":{\"@id\":\"https:\\\/\\\/www.concolino.it\\\/wp-content\\\/uploads\\\/2014\\\/07\\\/CT5W9104.jpg\"},\"description\":\"Teologo | Cappellano Campus Universit\u00e0 Magna Graecia | Direttore Ufficio Regione Universit\u00e0 Scuola Educazione (Calabria)\",\"sameAs\":[\"https:\\\/\\\/www.facebook.com\\\/don.mik.94\",\"https:\\\/\\\/x.com\\\/https:\\\/\\\/twitter.com\\\/don_mik\"]}]}<\/script>\n<!-- \/ Yoast SEO plugin. -->","yoast_head_json":{"title":"Qualcosa di me - Concolino.it","robots":{"index":"index","follow":"follow","max-snippet":"max-snippet:-1","max-image-preview":"max-image-preview:large","max-video-preview":"max-video-preview:-1"},"canonical":"https:\/\/www.concolino.it\/index.php\/chi-sono\/","og_locale":"it_IT","og_type":"article","og_title":"Qualcosa di me - Concolino.it","og_description":"Sac. Domenico&nbsp;Pantaleone Concolino Biografia: Sono&nbsp;nato a Catanzaro il 13 gennaio 1965 e sono sacerdote incardinato nella&nbsp;diocesi di Catanzaro-Squillace. Ho studiato teologia a Catanzaro (1988-1991), e dopo aver ricevuto l\u2019ordinazione sacerdotale [&hellip;]","og_url":"https:\/\/www.concolino.it\/index.php\/chi-sono\/","og_site_name":"Concolino.it","article_publisher":"https:\/\/www.facebook.com\/don.mik.94","article_modified_time":"2025-12-18T16:10:35+00:00","twitter_card":"summary_large_image","twitter_site":"@don_mik","twitter_misc":{"Tempo di lettura stimato":"4 minuti"},"schema":{"@context":"https:\/\/schema.org","@graph":[{"@type":"WebPage","@id":"https:\/\/www.concolino.it\/index.php\/chi-sono\/","url":"https:\/\/www.concolino.it\/index.php\/chi-sono\/","name":"Qualcosa di me - Concolino.it","isPartOf":{"@id":"https:\/\/www.concolino.it\/#website"},"datePublished":"2014-06-03T19:22:20+00:00","dateModified":"2025-12-18T16:10:35+00:00","breadcrumb":{"@id":"https:\/\/www.concolino.it\/index.php\/chi-sono\/#breadcrumb"},"inLanguage":"it-IT","potentialAction":[{"@type":"ReadAction","target":["https:\/\/www.concolino.it\/index.php\/chi-sono\/"]}]},{"@type":"BreadcrumbList","@id":"https:\/\/www.concolino.it\/index.php\/chi-sono\/#breadcrumb","itemListElement":[{"@type":"ListItem","position":1,"name":"Home","item":"https:\/\/www.concolino.it\/"},{"@type":"ListItem","position":2,"name":"Qualcosa di me"}]},{"@type":"WebSite","@id":"https:\/\/www.concolino.it\/#website","url":"https:\/\/www.concolino.it\/","name":"Concolino.it","description":"Allargare gli spazi del Verbo","publisher":{"@id":"https:\/\/www.concolino.it\/#\/schema\/person\/dfa8517603a44e77da85e7eb5139c070"},"potentialAction":[{"@type":"SearchAction","target":{"@type":"EntryPoint","urlTemplate":"https:\/\/www.concolino.it\/?s={search_term_string}"},"query-input":{"@type":"PropertyValueSpecification","valueRequired":true,"valueName":"search_term_string"}}],"inLanguage":"it-IT"},{"@type":["Person","Organization"],"@id":"https:\/\/www.concolino.it\/#\/schema\/person\/dfa8517603a44e77da85e7eb5139c070","name":"Domenico Concolino","image":{"@type":"ImageObject","inLanguage":"it-IT","@id":"https:\/\/www.concolino.it\/wp-content\/uploads\/2014\/07\/CT5W9104.jpg","url":"https:\/\/www.concolino.it\/wp-content\/uploads\/2014\/07\/CT5W9104.jpg","contentUrl":"https:\/\/www.concolino.it\/wp-content\/uploads\/2014\/07\/CT5W9104.jpg","width":1276,"height":850,"caption":"Domenico Concolino"},"logo":{"@id":"https:\/\/www.concolino.it\/wp-content\/uploads\/2014\/07\/CT5W9104.jpg"},"description":"Teologo | Cappellano Campus Universit\u00e0 Magna Graecia | Direttore Ufficio Regione Universit\u00e0 Scuola Educazione (Calabria)","sameAs":["https:\/\/www.facebook.com\/don.mik.94","https:\/\/x.com\/https:\/\/twitter.com\/don_mik"]}]}},"_links":{"self":[{"href":"https:\/\/www.concolino.it\/index.php\/wp-json\/wp\/v2\/pages\/2","targetHints":{"allow":["GET"]}}],"collection":[{"href":"https:\/\/www.concolino.it\/index.php\/wp-json\/wp\/v2\/pages"}],"about":[{"href":"https:\/\/www.concolino.it\/index.php\/wp-json\/wp\/v2\/types\/page"}],"author":[{"embeddable":true,"href":"https:\/\/www.concolino.it\/index.php\/wp-json\/wp\/v2\/users\/1"}],"replies":[{"embeddable":true,"href":"https:\/\/www.concolino.it\/index.php\/wp-json\/wp\/v2\/comments?post=2"}],"version-history":[{"count":32,"href":"https:\/\/www.concolino.it\/index.php\/wp-json\/wp\/v2\/pages\/2\/revisions"}],"predecessor-version":[{"id":7083,"href":"https:\/\/www.concolino.it\/index.php\/wp-json\/wp\/v2\/pages\/2\/revisions\/7083"}],"wp:attachment":[{"href":"https:\/\/www.concolino.it\/index.php\/wp-json\/wp\/v2\/media?parent=2"}],"curies":[{"name":"wp","href":"https:\/\/api.w.org\/{rel}","templated":true}]}}